{"id":3000,"date":"2025-02-17T15:38:44","date_gmt":"2025-02-17T14:38:44","guid":{"rendered":"https:\/\/www.formedarte.it\/?post_type=product&#038;p=3000"},"modified":"2025-05-26T15:34:15","modified_gmt":"2025-05-26T13:34:15","slug":"pecorino-alla-cipolla","status":"publish","type":"product","link":"https:\/\/www.formedarte.it\/en\/product\/pecorino-alla-cipolla\/","title":{"rendered":"Pecorino alla Cipolla"},"content":{"rendered":"<p style=\"font-weight: 400;\">Abbiamo sfidato la tradizione e abbinato il latte al suo inaspettato compagno, la cipolla, per creare una vera opera d&#8217;arte casearia. Questo pecorino si manifesta all&#8217;olfatto con chiari richiami a questo ortaggio, ma il suo vero potere si sprigiona in bocca. Il risultato \u00e8 un&#8217;esplosione di sapori che delizier\u00e0 i tuoi sensi. Questo formaggio \u00e8 incredibilmente versatile in cucina o come elemento di un aperitivo sfizioso. Realizzato con latte di pecora, ogni pezzo \u00e8 sottoposto a una maturazione di 60 giorni, trasformando questa audace combinazione in un&#8217;esperienza culinaria memorabile.<\/p>\n<p><strong>PAIRINGS<\/strong><\/p>\n<p style=\"font-weight: 400;\">Perfetto per l&#8217;utilizzo in cucina o per un aperitivo sfizioso.<\/p>\n<p><strong>INGREDIENTS<\/strong><\/p>\n<p style=\"font-weight: 400;\">Latte ovino pastorizzato, sale, caglio, fermenti lattici selezionati e cipolla<\/p>","protected":false},"excerpt":{"rendered":"<p>Abbiamo sfidato la tradizione e abbinato il latte al suo inaspettato compagno, la cipolla, per creare una vera opera d&#8217;arte casearia. Questo pecorino si manifesta all&#8217;olfatto con chiari richiami a questo ortaggio, ma il suo vero potere si sprigiona in bocca. Il risultato \u00e8 un&#8217;esplosione di sapori che delizier\u00e0 i tuoi sensi. Questo formaggio \u00e8 [&hellip;]<\/p>","protected":false},"featured_media":3300,"comment_status":"open","ping_status":"closed","template":"","meta":[],"product_cat":[21],"product_tag":[],"class_list":{"0":"post-3000","1":"product","2":"type-product","3":"status-publish","4":"has-post-thumbnail","6":"product_cat-pecorini-estrosi","8":"first","9":"instock","10":"shipping-taxable","11":"purchasable","12":"product-type-variable"},"_links":{"self":[{"href":"https:\/\/www.formedarte.it\/en\/wp-json\/wp\/v2\/product\/3000","targetHints":{"allow":["GET"]}}],"collection":[{"href":"https:\/\/www.formedarte.it\/en\/wp-json\/wp\/v2\/product"}],"about":[{"href":"https:\/\/www.formedarte.it\/en\/wp-json\/wp\/v2\/types\/product"}],"replies":[{"embeddable":true,"href":"https:\/\/www.formedarte.it\/en\/wp-json\/wp\/v2\/comments?post=3000"}],"wp:featuredmedia":[{"embeddable":true,"href":"https:\/\/www.formedarte.it\/en\/wp-json\/wp\/v2\/media\/3300"}],"wp:attachment":[{"href":"https:\/\/www.formedarte.it\/en\/wp-json\/wp\/v2\/media?parent=3000"}],"wp:term":[{"taxonomy":"product_cat","embeddable":true,"href":"https:\/\/www.formedarte.it\/en\/wp-json\/wp\/v2\/product_cat?post=3000"},{"taxonomy":"product_tag","embeddable":true,"href":"https:\/\/www.formedarte.it\/en\/wp-json\/wp\/v2\/product_tag?post=3000"}],"curies":[{"name":"wp","href":"https:\/\/api.w.org\/{rel}","templated":true}]}}