{"id":175,"date":"2024-12-06T14:43:58","date_gmt":"2024-12-06T13:43:58","guid":{"rendered":"https:\/\/www.formedarte.it\/?post_type=product&#038;p=175"},"modified":"2025-05-26T15:34:38","modified_gmt":"2025-05-26T13:34:38","slug":"pecorino-con-i-fichi","status":"publish","type":"product","link":"https:\/\/www.formedarte.it\/en\/product\/pecorino-con-i-fichi\/","title":{"rendered":"Pecorino con i Fichi"},"content":{"rendered":"<p>Pecorino a pasta bianca e compatta. Gustoso, avvolgente e aromatico \u00e8 arricchito dalla dolcezza del fico che gli dona note fruttate e calde. Prodotto artigianalmente \u00e8 frutto di una lunga ricerca tesa a trovare perfetto bilanciamento tra la sapidit\u00e0 del latte ovino e la dolcezza del frutto.<br \/>\nIl formaggio si presenta con crosta di colore marroncino e bianco avorio all&#8217;interno.<\/p>\n<p><strong>PAIRINGS<\/strong><br \/>\nDa gustare in purezza per assaporarne la coinvolgente pienezza.<\/p>\n<p><strong>INGREDIENTS<\/strong><br \/>\nLatte ovino pastorizzato, sale, caglio, fermenti lattici selezionati e fichi<\/p>","protected":false},"excerpt":{"rendered":"<p>Pecorino a pasta bianca e compatta. Gustoso, avvolgente e aromatico \u00e8 arricchito dalla dolcezza del fico che gli dona note fruttate e calde. Prodotto artigianalmente \u00e8 frutto di una lunga ricerca tesa a trovare perfetto bilanciamento tra la sapidit\u00e0 del latte ovino e la dolcezza del frutto. Il formaggio si presenta con crosta di colore [&hellip;]<\/p>","protected":false},"featured_media":2659,"comment_status":"open","ping_status":"closed","template":"","meta":[],"product_cat":[21],"product_tag":[],"class_list":{"0":"post-175","1":"product","2":"type-product","3":"status-publish","4":"has-post-thumbnail","6":"product_cat-pecorini-estrosi","8":"first","9":"instock","10":"shipping-taxable","11":"purchasable","12":"product-type-variable"},"_links":{"self":[{"href":"https:\/\/www.formedarte.it\/en\/wp-json\/wp\/v2\/product\/175","targetHints":{"allow":["GET"]}}],"collection":[{"href":"https:\/\/www.formedarte.it\/en\/wp-json\/wp\/v2\/product"}],"about":[{"href":"https:\/\/www.formedarte.it\/en\/wp-json\/wp\/v2\/types\/product"}],"replies":[{"embeddable":true,"href":"https:\/\/www.formedarte.it\/en\/wp-json\/wp\/v2\/comments?post=175"}],"wp:featuredmedia":[{"embeddable":true,"href":"https:\/\/www.formedarte.it\/en\/wp-json\/wp\/v2\/media\/2659"}],"wp:attachment":[{"href":"https:\/\/www.formedarte.it\/en\/wp-json\/wp\/v2\/media?parent=175"}],"wp:term":[{"taxonomy":"product_cat","embeddable":true,"href":"https:\/\/www.formedarte.it\/en\/wp-json\/wp\/v2\/product_cat?post=175"},{"taxonomy":"product_tag","embeddable":true,"href":"https:\/\/www.formedarte.it\/en\/wp-json\/wp\/v2\/product_tag?post=175"}],"curies":[{"name":"wp","href":"https:\/\/api.w.org\/{rel}","templated":true}]}}