{"id":374,"date":"2024-11-27T15:24:26","date_gmt":"2024-11-27T14:24:26","guid":{"rendered":"https:\/\/www.formedarte.it\/?page_id=374"},"modified":"2025-05-26T12:35:59","modified_gmt":"2025-05-26T10:35:59","slug":"chi-siamo","status":"publish","type":"page","link":"https:\/\/www.formedarte.it\/en\/chi-siamo\/","title":{"rendered":"About us"},"content":{"rendered":"<div data-elementor-type=\"wp-page\" data-elementor-id=\"374\" class=\"elementor elementor-374\" data-elementor-post-type=\"page\">\n\t\t\t\t<div class=\"elementor-element elementor-element-afad5f4 first-section-block e-flex e-con-boxed e-con e-parent\" data-id=\"afad5f4\" data-element_type=\"container\" data-settings=\"{&quot;background_background&quot;:&quot;classic&quot;}\">\n\t\t\t\t\t<div class=\"e-con-inner\">\n\t\t\t\t<div class=\"elementor-element elementor-element-b9c9f6d elementor-hidden-tablet elementor-hidden-mobile elementor-widget elementor-widget-image\" data-id=\"b9c9f6d\" data-element_type=\"widget\" data-widget_type=\"image.default\">\n\t\t\t\t<div class=\"elementor-widget-container\">\n\t\t\t\t\t\t\t\t\t\t\t\t\t<img fetchpriority=\"high\" decoding=\"async\" width=\"800\" height=\"213\" src=\"https:\/\/www.formedarte.it\/wp-content\/uploads\/Forme-darte-LOGO-DEF-white-1024x273.png\" class=\"attachment-large size-large wp-image-2390\" alt=\"\" srcset=\"https:\/\/www.formedarte.it\/wp-content\/uploads\/Forme-darte-LOGO-DEF-white-1024x273.png 1024w, https:\/\/www.formedarte.it\/wp-content\/uploads\/Forme-darte-LOGO-DEF-white-300x80.png 300w, https:\/\/www.formedarte.it\/wp-content\/uploads\/Forme-darte-LOGO-DEF-white-768x205.png 768w, https:\/\/www.formedarte.it\/wp-content\/uploads\/Forme-darte-LOGO-DEF-white-1536x409.png 1536w, https:\/\/www.formedarte.it\/wp-content\/uploads\/Forme-darte-LOGO-DEF-white-2048x546.png 2048w\" sizes=\"(max-width: 800px) 100vw, 800px\" \/>\t\t\t\t\t\t\t\t\t\t\t\t\t<\/div>\n\t\t\t\t<\/div>\n\t\t\t\t<div class=\"elementor-element elementor-element-3239833 elementor-widget elementor-widget-heading\" data-id=\"3239833\" data-element_type=\"widget\" data-widget_type=\"heading.default\">\n\t\t\t\t<div class=\"elementor-widget-container\">\n\t\t\t<h2 class=\"elementor-heading-title elementor-size-default\">Great Cheeses Since 1999\n<\/h2>\t\t<\/div>\n\t\t\t\t<\/div>\n\t\t\t\t<div class=\"elementor-element elementor-element-bbeec26 elementor-widget elementor-widget-text-editor\" data-id=\"bbeec26\" data-element_type=\"widget\" data-widget_type=\"text-editor.default\">\n\t\t\t\t<div class=\"elementor-widget-container\">\n\t\t\t\t\t\t\t<p>A Project by Paolo Piacenti A Curated Selection of Exceptional Tuscan and Italian Cheeses.<\/p>\t\t\t\t\t\t<\/div>\n\t\t\t\t<\/div>\n\t\t\t\t<div class=\"elementor-element elementor-element-29c9be1 elementor-align-center elementor-widget elementor-widget-button\" data-id=\"29c9be1\" data-element_type=\"widget\" data-widget_type=\"button.default\">\n\t\t\t\t<div class=\"elementor-widget-container\">\n\t\t\t\t\t\t\t<div class=\"elementor-button-wrapper\">\n\t\t\t\t\t<a class=\"elementor-button elementor-button-link elementor-size-sm\" href=\"\/en\/storia\/\">\n\t\t\t\t\t\t<span class=\"elementor-button-content-wrapper\">\n\t\t\t\t\t\t\t\t\t<span class=\"elementor-button-text\">Our Story<\/span>\n\t\t\t\t\t<\/span>\n\t\t\t\t\t<\/a>\n\t\t\t\t<\/div>\n\t\t\t\t\t\t<\/div>\n\t\t\t\t<\/div>\n\t\t\t\t\t<\/div>\n\t\t\t\t<\/div>\n\t\t<div class=\"elementor-element elementor-element-086190f e-flex e-con-boxed e-con e-parent\" data-id=\"086190f\" data-element_type=\"container\">\n\t\t\t\t\t<div class=\"e-con-inner\">\n\t\t<div class=\"elementor-element elementor-element-ebc40cd e-con-full e-flex e-con e-child\" data-id=\"ebc40cd\" data-element_type=\"container\">\n\t\t<div class=\"elementor-element elementor-element-ab2708b e-con-full e-flex e-con e-child\" data-id=\"ab2708b\" data-element_type=\"container\" data-settings=\"{&quot;background_background&quot;:&quot;classic&quot;}\">\n\t\t\t\t<\/div>\n\t\t<div class=\"elementor-element elementor-element-b9f7c64 e-con-full e-flex e-con e-child\" data-id=\"b9f7c64\" data-element_type=\"container\" data-settings=\"{&quot;background_background&quot;:&quot;classic&quot;}\">\n\t\t\t\t<div class=\"elementor-element elementor-element-002e7ed elementor-headline--style-highlight elementor-widget elementor-widget-animated-headline\" data-id=\"002e7ed\" data-element_type=\"widget\" data-settings=\"{&quot;marker&quot;:&quot;underline_zigzag&quot;,&quot;highlighted_text&quot;:&quot;dell&#039;affinatura&quot;,&quot;headline_style&quot;:&quot;highlight&quot;,&quot;highlight_animation_duration&quot;:1200}\" data-widget_type=\"animated-headline.default\">\n\t\t\t\t<div class=\"elementor-widget-container\">\n\t\t\t\t\t<h3 class=\"elementor-headline\">\n\t\t\t\t\t<span class=\"elementor-headline-plain-text elementor-headline-text-wrapper\">The art <br><\/span>\n\t\t\t\t<span class=\"elementor-headline-dynamic-wrapper elementor-headline-text-wrapper\">\n\t\t\t\t\t<span class=\"elementor-headline-dynamic-text elementor-headline-text-active\">of Affinage<\/span>\n\t\t\t\t<\/span>\n\t\t\t\t<\/h3>\n\t\t\t\t<\/div>\n\t\t\t\t<\/div>\n\t\t\t\t<div class=\"elementor-element elementor-element-d975d47 elementor-widget elementor-widget-text-editor\" data-id=\"d975d47\" data-element_type=\"widget\" data-widget_type=\"text-editor.default\">\n\t\t\t\t<div class=\"elementor-widget-container\">\n\t\t\t\t\t\t\t<p class=\"translation-block\">The affineur is an artist <br>\n who works to create unique flavors.<br>\nForme d\u2019Arte offers a wide selection of aged cheeses.<\/p>\t\t\t\t\t\t<\/div>\n\t\t\t\t<\/div>\n\t\t\t\t<div class=\"elementor-element elementor-element-5bb1d6d elementor-align-left elementor-widget elementor-widget-button\" data-id=\"5bb1d6d\" data-element_type=\"widget\" data-widget_type=\"button.default\">\n\t\t\t\t<div class=\"elementor-widget-container\">\n\t\t\t\t\t\t\t<div class=\"elementor-button-wrapper\">\n\t\t\t\t\t<a class=\"elementor-button elementor-button-link elementor-size-sm\" href=\"\/en\/affinare\/\">\n\t\t\t\t\t\t<span class=\"elementor-button-content-wrapper\">\n\t\t\t\t\t\t\t\t\t<span class=\"elementor-button-text\">Find more &gt;<\/span>\n\t\t\t\t\t<\/span>\n\t\t\t\t\t<\/a>\n\t\t\t\t<\/div>\n\t\t\t\t\t\t<\/div>\n\t\t\t\t<\/div>\n\t\t\t\t<\/div>\n\t\t\t\t<\/div>\n\t\t<div class=\"elementor-element elementor-element-25652aa e-con-full e-flex e-con e-child\" data-id=\"25652aa\" data-element_type=\"container\">\n\t\t<div class=\"elementor-element elementor-element-f59a5de e-con-full e-flex e-con e-child\" data-id=\"f59a5de\" data-element_type=\"container\" data-settings=\"{&quot;background_background&quot;:&quot;classic&quot;}\">\n\t\t\t\t<div class=\"elementor-element elementor-element-f0546fa elementor-headline--style-highlight elementor-widget elementor-widget-animated-headline\" data-id=\"f0546fa\" data-element_type=\"widget\" data-settings=\"{&quot;marker&quot;:&quot;underline_zigzag&quot;,&quot;highlighted_text&quot;:&quot;della stagionatura&quot;,&quot;headline_style&quot;:&quot;highlight&quot;,&quot;highlight_animation_duration&quot;:1200}\" data-widget_type=\"animated-headline.default\">\n\t\t\t\t<div class=\"elementor-widget-container\">\n\t\t\t\t\t<h3 class=\"elementor-headline\">\n\t\t\t\t\t<span class=\"elementor-headline-plain-text elementor-headline-text-wrapper\">The delicate process <br><\/span>\n\t\t\t\t<span class=\"elementor-headline-dynamic-wrapper elementor-headline-text-wrapper\">\n\t\t\t\t\t<span class=\"elementor-headline-dynamic-text elementor-headline-text-active\">of Aging<\/span>\n\t\t\t\t<\/span>\n\t\t\t\t<\/h3>\n\t\t\t\t<\/div>\n\t\t\t\t<\/div>\n\t\t\t\t<div class=\"elementor-element elementor-element-ee4212a elementor-widget elementor-widget-text-editor\" data-id=\"ee4212a\" data-element_type=\"widget\" data-widget_type=\"text-editor.default\">\n\t\t\t\t<div class=\"elementor-widget-container\">\n\t\t\t\t\t\t\t<p class=\"translation-block\">Aging is the phase of cheese maturation<br>and requires skill and knowledge.<\/p>\t\t\t\t\t\t<\/div>\n\t\t\t\t<\/div>\n\t\t\t\t<div class=\"elementor-element elementor-element-82a0f73 elementor-align-right elementor-widget elementor-widget-button\" data-id=\"82a0f73\" data-element_type=\"widget\" data-widget_type=\"button.default\">\n\t\t\t\t<div class=\"elementor-widget-container\">\n\t\t\t\t\t\t\t<div class=\"elementor-button-wrapper\">\n\t\t\t\t\t<a class=\"elementor-button elementor-button-link elementor-size-sm\" href=\"\/en\/stagionare\/\">\n\t\t\t\t\t\t<span class=\"elementor-button-content-wrapper\">\n\t\t\t\t\t\t\t\t\t<span class=\"elementor-button-text\">Find more &gt;<\/span>\n\t\t\t\t\t<\/span>\n\t\t\t\t\t<\/a>\n\t\t\t\t<\/div>\n\t\t\t\t\t\t<\/div>\n\t\t\t\t<\/div>\n\t\t\t\t<\/div>\n\t\t<div class=\"elementor-element elementor-element-b710b6b e-con-full e-flex e-con e-child\" data-id=\"b710b6b\" data-element_type=\"container\" data-settings=\"{&quot;background_background&quot;:&quot;classic&quot;}\">\n\t\t\t\t<\/div>\n\t\t\t\t<\/div>\n\t\t\t\t\t<\/div>\n\t\t\t\t<\/div>\n\t\t<div class=\"elementor-element elementor-element-a2a6417 e-flex e-con-boxed e-con e-parent\" data-id=\"a2a6417\" data-element_type=\"container\">\n\t\t\t\t\t<div class=\"e-con-inner\">\n\t\t\t\t<div class=\"elementor-element elementor-element-e6236f9 elementor-widget elementor-widget-image\" data-id=\"e6236f9\" data-element_type=\"widget\" data-widget_type=\"image.default\">\n\t\t\t\t<div class=\"elementor-widget-container\">\n\t\t\t\t\t\t\t\t\t\t\t\t\t<img decoding=\"async\" width=\"71\" height=\"54\" src=\"https:\/\/www.formedarte.it\/wp-content\/uploads\/sheep-icon-2.png\" class=\"attachment-large size-large wp-image-2409\" alt=\"\" \/>\t\t\t\t\t\t\t\t\t\t\t\t\t<\/div>\n\t\t\t\t<\/div>\n\t\t\t\t<div class=\"elementor-element elementor-element-b74b1c9 elementor-headline--style-highlight elementor-widget elementor-widget-animated-headline\" data-id=\"b74b1c9\" data-element_type=\"widget\" data-settings=\"{&quot;marker&quot;:&quot;underline_zigzag&quot;,&quot;highlighted_text&quot;:&quot;Produzione&quot;,&quot;headline_style&quot;:&quot;highlight&quot;,&quot;highlight_animation_duration&quot;:1200}\" data-widget_type=\"animated-headline.default\">\n\t\t\t\t<div class=\"elementor-widget-container\">\n\t\t\t\t\t<h3 class=\"elementor-headline\">\n\t\t\t\t\t<span class=\"elementor-headline-plain-text elementor-headline-text-wrapper\">Our<\/span>\n\t\t\t\t<span class=\"elementor-headline-dynamic-wrapper elementor-headline-text-wrapper\">\n\t\t\t\t\t<span class=\"elementor-headline-dynamic-text elementor-headline-text-active\">Production<\/span>\n\t\t\t\t<\/span>\n\t\t\t\t<\/h3>\n\t\t\t\t<\/div>\n\t\t\t\t<\/div>\n\t\t\t\t<div class=\"elementor-element elementor-element-c45915d elementor-widget elementor-widget-text-editor\" data-id=\"c45915d\" data-element_type=\"widget\" data-widget_type=\"text-editor.default\">\n\t\t\t\t<div class=\"elementor-widget-container\">\n\t\t\t\t\t\t\t<p>A Story of Gestures, Tradition, People, and Love.<\/p>\t\t\t\t\t\t<\/div>\n\t\t\t\t<\/div>\n\t\t<div class=\"elementor-element elementor-element-a2b013a e-con-full e-flex e-con e-child\" data-id=\"a2b013a\" data-element_type=\"container\">\n\t\t\t\t<div class=\"elementor-element elementor-element-b06dfb9 elementor-widget elementor-widget-image\" data-id=\"b06dfb9\" data-element_type=\"widget\" data-widget_type=\"image.default\">\n\t\t\t\t<div class=\"elementor-widget-container\">\n\t\t\t\t\t\t\t\t\t\t\t\t\t<img decoding=\"async\" width=\"585\" height=\"851\" src=\"https:\/\/www.formedarte.it\/wp-content\/uploads\/hands_at_work.png\" class=\"attachment-large size-large wp-image-2437\" alt=\"\" srcset=\"https:\/\/www.formedarte.it\/wp-content\/uploads\/hands_at_work.png 585w, https:\/\/www.formedarte.it\/wp-content\/uploads\/hands_at_work-206x300.png 206w\" sizes=\"(max-width: 585px) 100vw, 585px\" \/>\t\t\t\t\t\t\t\t\t\t\t\t\t<\/div>\n\t\t\t\t<\/div>\n\t\t\t\t<div class=\"elementor-element elementor-element-b7a53f9 elementor-widget elementor-widget-image\" data-id=\"b7a53f9\" data-element_type=\"widget\" data-widget_type=\"image.default\">\n\t\t\t\t<div class=\"elementor-widget-container\">\n\t\t\t\t\t\t\t\t\t\t\t\t\t<img loading=\"lazy\" decoding=\"async\" width=\"586\" height=\"850\" src=\"https:\/\/www.formedarte.it\/wp-content\/uploads\/hands_at_work_3.png\" class=\"attachment-large size-large wp-image-2439\" alt=\"\" srcset=\"https:\/\/www.formedarte.it\/wp-content\/uploads\/hands_at_work_3.png 586w, https:\/\/www.formedarte.it\/wp-content\/uploads\/hands_at_work_3-207x300.png 207w\" sizes=\"(max-width: 586px) 100vw, 586px\" \/>\t\t\t\t\t\t\t\t\t\t\t\t\t<\/div>\n\t\t\t\t<\/div>\n\t\t\t\t<div class=\"elementor-element elementor-element-6ad33e2 elementor-widget elementor-widget-image\" data-id=\"6ad33e2\" data-element_type=\"widget\" data-widget_type=\"image.default\">\n\t\t\t\t<div class=\"elementor-widget-container\">\n\t\t\t\t\t\t\t\t\t\t\t\t\t<img loading=\"lazy\" decoding=\"async\" width=\"585\" height=\"851\" src=\"https:\/\/www.formedarte.it\/wp-content\/uploads\/hands_at_work_2.png\" class=\"attachment-large size-large wp-image-2438\" alt=\"\" srcset=\"https:\/\/www.formedarte.it\/wp-content\/uploads\/hands_at_work_2.png 585w, https:\/\/www.formedarte.it\/wp-content\/uploads\/hands_at_work_2-206x300.png 206w\" sizes=\"(max-width: 585px) 100vw, 585px\" \/>\t\t\t\t\t\t\t\t\t\t\t\t\t<\/div>\n\t\t\t\t<\/div>\n\t\t\t\t<\/div>\n\t\t\t\t<div class=\"elementor-element elementor-element-b6d0d50 elementor-widget elementor-widget-menu-anchor\" data-id=\"b6d0d50\" data-element_type=\"widget\" data-widget_type=\"menu-anchor.default\">\n\t\t\t\t<div class=\"elementor-widget-container\">\n\t\t\t\t\t<div class=\"elementor-menu-anchor\" id=\"contatti\"><\/div>\n\t\t\t\t<\/div>\n\t\t\t\t<\/div>\n\t\t\t\t<div class=\"elementor-element elementor-element-3aed97c elementor-align-center elementor-widget elementor-widget-button\" data-id=\"3aed97c\" data-element_type=\"widget\" data-widget_type=\"button.default\">\n\t\t\t\t<div class=\"elementor-widget-container\">\n\t\t\t\t\t\t\t<div class=\"elementor-button-wrapper\">\n\t\t\t\t\t<a class=\"elementor-button elementor-button-link elementor-size-sm\" href=\"\/en\/produrre\/\">\n\t\t\t\t\t\t<span class=\"elementor-button-content-wrapper\">\n\t\t\t\t\t\t\t\t\t<span class=\"elementor-button-text\">Find more &gt;<\/span>\n\t\t\t\t\t<\/span>\n\t\t\t\t\t<\/a>\n\t\t\t\t<\/div>\n\t\t\t\t\t\t<\/div>\n\t\t\t\t<\/div>\n\t\t\t\t\t<\/div>\n\t\t\t\t<\/div>\n\t\t<div class=\"elementor-element elementor-element-78e6e67 e-flex e-con-boxed e-con e-parent\" data-id=\"78e6e67\" data-element_type=\"container\">\n\t\t\t\t\t<div class=\"e-con-inner\">\n\t\t\t\t<div class=\"elementor-element elementor-element-3d432a7 elementor-widget elementor-widget-heading\" data-id=\"3d432a7\" data-element_type=\"widget\" data-widget_type=\"heading.default\">\n\t\t\t\t<div class=\"elementor-widget-container\">\n\t\t\t<h2 class=\"elementor-heading-title elementor-size-default\">Come Visit Us<\/h2>\t\t<\/div>\n\t\t\t\t<\/div>\n\t\t\t\t<div class=\"elementor-element elementor-element-7d5794b elementor-widget elementor-widget-text-editor\" data-id=\"7d5794b\" data-element_type=\"widget\" data-widget_type=\"text-editor.default\">\n\t\t\t\t<div class=\"elementor-widget-container\">\n\t\t\t\t\t\t\t<p>Casa Forme d&#8217;Arte s.r.l.s<br>Via S. Matteo, 66 | 53037 San Gimignano (SI)<br>Tel. +39 337 681983 | Email info@formedarte.it <br>P.I. 01353480526<\/p>\t\t\t\t\t\t<\/div>\n\t\t\t\t<\/div>\n\t\t\t\t<div class=\"elementor-element elementor-element-a5833a1 elementor-align-center elementor-widget elementor-widget-button\" data-id=\"a5833a1\" data-element_type=\"widget\" data-widget_type=\"button.default\">\n\t\t\t\t<div class=\"elementor-widget-container\">\n\t\t\t\t\t\t\t<div class=\"elementor-button-wrapper\">\n\t\t\t\t\t<a class=\"elementor-button elementor-button-link elementor-size-sm\" href=\"mailto:info@formedarte.it\">\n\t\t\t\t\t\t<span class=\"elementor-button-content-wrapper\">\n\t\t\t\t\t\t\t\t\t<span class=\"elementor-button-text\">Contact us<\/span>\n\t\t\t\t\t<\/span>\n\t\t\t\t\t<\/a>\n\t\t\t\t<\/div>\n\t\t\t\t\t\t<\/div>\n\t\t\t\t<\/div>\n\t\t\t\t<div class=\"elementor-element elementor-element-b8837a5 elementor-widget elementor-widget-menu-anchor\" data-id=\"b8837a5\" data-element_type=\"widget\" data-widget_type=\"menu-anchor.default\">\n\t\t\t\t<div class=\"elementor-widget-container\">\n\t\t\t\t\t<div class=\"elementor-menu-anchor\" id=\"negozi-diretti\"><\/div>\n\t\t\t\t<\/div>\n\t\t\t\t<\/div>\n\t\t\t\t<div class=\"elementor-element elementor-element-d409b63 elementor-headline--style-highlight elementor-widget elementor-widget-animated-headline\" data-id=\"d409b63\" data-element_type=\"widget\" data-settings=\"{&quot;marker&quot;:&quot;underline&quot;,&quot;highlighted_text&quot;:&quot;punti vendita&quot;,&quot;headline_style&quot;:&quot;highlight&quot;,&quot;highlight_animation_duration&quot;:1200}\" data-widget_type=\"animated-headline.default\">\n\t\t\t\t<div class=\"elementor-widget-container\">\n\t\t\t\t\t<h3 class=\"elementor-headline\">\n\t\t\t\t\t<span class=\"elementor-headline-plain-text elementor-headline-text-wrapper\">Discover our <\/span>\n\t\t\t\t<span class=\"elementor-headline-dynamic-wrapper elementor-headline-text-wrapper\">\n\t\t\t\t\t<span class=\"elementor-headline-dynamic-text elementor-headline-text-active\">Shops<\/span>\n\t\t\t\t<\/span>\n\t\t\t\t<\/h3>\n\t\t\t\t<\/div>\n\t\t\t\t<\/div>\n\t\t<div class=\"elementor-element elementor-element-e9eebee e-con-full e-flex e-con e-child\" data-id=\"e9eebee\" data-element_type=\"container\">\n\t\t<div class=\"elementor-element elementor-element-6f41384 e-con-full e-flex e-con e-child\" data-id=\"6f41384\" data-element_type=\"container\">\n\t\t\t\t<div class=\"elementor-element elementor-element-d74b2e5 elementor-widget elementor-widget-image\" data-id=\"d74b2e5\" data-element_type=\"widget\" data-widget_type=\"image.default\">\n\t\t\t\t<div class=\"elementor-widget-container\">\n\t\t\t\t\t\t\t\t\t\t\t\t\t<img loading=\"lazy\" decoding=\"async\" width=\"585\" height=\"850\" src=\"https:\/\/www.formedarte.it\/wp-content\/uploads\/products-1.png\" class=\"attachment-large size-large wp-image-2741\" alt=\"\" srcset=\"https:\/\/www.formedarte.it\/wp-content\/uploads\/products-1.png 585w, https:\/\/www.formedarte.it\/wp-content\/uploads\/products-1-300x436.png 300w, https:\/\/www.formedarte.it\/wp-content\/uploads\/products-1-206x300.png 206w\" sizes=\"(max-width: 585px) 100vw, 585px\" \/>\t\t\t\t\t\t\t\t\t\t\t\t\t<\/div>\n\t\t\t\t<\/div>\n\t\t\t\t<div class=\"elementor-element elementor-element-d912f3b elementor-widget elementor-widget-google_maps\" data-id=\"d912f3b\" data-element_type=\"widget\" data-widget_type=\"google_maps.default\">\n\t\t\t\t<div class=\"elementor-widget-container\">\n\t\t\t\t\t<div class=\"elementor-custom-embed\">\n\t\t\t<iframe loading=\"lazy\"\n\t\t\t\t\tsrc=\"https:\/\/maps.google.com\/maps?q=via%20Matteotti%2019%20monteriggioni&#038;t=m&#038;z=10&#038;output=embed&#038;iwloc=near\"\n\t\t\t\t\ttitle=\"via Matteotti 19 monteriggioni\"\n\t\t\t\t\taria-label=\"via Matteotti 19 monteriggioni\"\n\t\t\t><\/iframe>\n\t\t<\/div>\n\t\t\t\t<\/div>\n\t\t\t\t<\/div>\n\t\t\t\t<\/div>\n\t\t<div class=\"elementor-element elementor-element-1070c65 e-con-full e-flex e-con e-child\" data-id=\"1070c65\" data-element_type=\"container\">\n\t\t\t\t<div class=\"elementor-element elementor-element-edc40e8 elementor-widget elementor-widget-image\" data-id=\"edc40e8\" data-element_type=\"widget\" data-widget_type=\"image.default\">\n\t\t\t\t<div class=\"elementor-widget-container\">\n\t\t\t\t\t\t\t\t\t\t\t\t\t<img loading=\"lazy\" decoding=\"async\" width=\"585\" height=\"850\" src=\"https:\/\/www.formedarte.it\/wp-content\/uploads\/products-2.png\" class=\"attachment-large size-large wp-image-2742\" alt=\"\" srcset=\"https:\/\/www.formedarte.it\/wp-content\/uploads\/products-2.png 585w, https:\/\/www.formedarte.it\/wp-content\/uploads\/products-2-300x436.png 300w, https:\/\/www.formedarte.it\/wp-content\/uploads\/products-2-206x300.png 206w\" sizes=\"(max-width: 585px) 100vw, 585px\" \/>\t\t\t\t\t\t\t\t\t\t\t\t\t<\/div>\n\t\t\t\t<\/div>\n\t\t\t\t<div class=\"elementor-element elementor-element-ade5e77 elementor-widget elementor-widget-google_maps\" data-id=\"ade5e77\" data-element_type=\"widget\" data-widget_type=\"google_maps.default\">\n\t\t\t\t<div class=\"elementor-widget-container\">\n\t\t\t\t\t<div class=\"elementor-custom-embed\">\n\t\t\t<iframe loading=\"lazy\"\n\t\t\t\t\tsrc=\"https:\/\/maps.google.com\/maps?q=via%20san%20matteo%2011%20san%20Gimignano&#038;t=m&#038;z=10&#038;output=embed&#038;iwloc=near\"\n\t\t\t\t\ttitle=\"via san matteo 11 san Gimignano\"\n\t\t\t\t\taria-label=\"via san matteo 11 san Gimignano\"\n\t\t\t><\/iframe>\n\t\t<\/div>\n\t\t\t\t<\/div>\n\t\t\t\t<\/div>\n\t\t\t\t<\/div>\n\t\t<div class=\"elementor-element elementor-element-4b56735 e-con-full e-flex e-con e-child\" data-id=\"4b56735\" data-element_type=\"container\">\n\t\t\t\t<div class=\"elementor-element elementor-element-0948eb1 elementor-widget elementor-widget-image\" data-id=\"0948eb1\" data-element_type=\"widget\" data-widget_type=\"image.default\">\n\t\t\t\t<div class=\"elementor-widget-container\">\n\t\t\t\t\t\t\t\t\t\t\t\t\t<img loading=\"lazy\" decoding=\"async\" width=\"585\" height=\"850\" src=\"https:\/\/www.formedarte.it\/wp-content\/uploads\/products-3.png\" class=\"attachment-large size-large wp-image-2743\" alt=\"\" srcset=\"https:\/\/www.formedarte.it\/wp-content\/uploads\/products-3.png 585w, https:\/\/www.formedarte.it\/wp-content\/uploads\/products-3-300x436.png 300w, https:\/\/www.formedarte.it\/wp-content\/uploads\/products-3-206x300.png 206w\" sizes=\"(max-width: 585px) 100vw, 585px\" \/>\t\t\t\t\t\t\t\t\t\t\t\t\t<\/div>\n\t\t\t\t<\/div>\n\t\t\t\t<div class=\"elementor-element elementor-element-25592f5 elementor-widget elementor-widget-google_maps\" data-id=\"25592f5\" data-element_type=\"widget\" data-widget_type=\"google_maps.default\">\n\t\t\t\t<div class=\"elementor-widget-container\">\n\t\t\t\t\t<div class=\"elementor-custom-embed\">\n\t\t\t<iframe loading=\"lazy\"\n\t\t\t\t\tsrc=\"https:\/\/maps.google.com\/maps?q=forme%20d%27arte%20San%20Gimignano&#038;t=m&#038;z=10&#038;output=embed&#038;iwloc=near\"\n\t\t\t\t\ttitle=\"forme d&#039;arte San Gimignano\"\n\t\t\t\t\taria-label=\"forme d&#039;arte San Gimignano\"\n\t\t\t><\/iframe>\n\t\t<\/div>\n\t\t\t\t<\/div>\n\t\t\t\t<\/div>\n\t\t\t\t<\/div>\n\t\t\t\t<\/div>\n\t\t\t\t\t<\/div>\n\t\t\t\t<\/div>\n\t\t\t\t<\/div>","protected":false},"excerpt":{"rendered":"<p>Grandi formaggi dal 1999 Un progetto di Paolo Piacenti. Una selezionare di formaggi toscani e italiani d&#8217;eccellenza La nostra storia l&#8217;arte dell&#8217;affinatura L&#8217;affinatore \u00e8 un artistache lavora per creare sapori unici.Forme d&#8217;Arte propone un\u2019ampiaselezione di affinati. Scopri di pi\u00f9 &gt; Il delicato processo della stagionatura La stagionatura \u00e8 la fasedi maturazione del formaggioe richiede abilit\u00e0 [&hellip;]<\/p>","protected":false},"author":1,"featured_media":0,"parent":0,"menu_order":0,"comment_status":"closed","ping_status":"closed","template":"","meta":{"footnotes":""},"class_list":["post-374","page","type-page","status-publish","hentry"],"_links":{"self":[{"href":"https:\/\/www.formedarte.it\/en\/wp-json\/wp\/v2\/pages\/374","targetHints":{"allow":["GET"]}}],"collection":[{"href":"https:\/\/www.formedarte.it\/en\/wp-json\/wp\/v2\/pages"}],"about":[{"href":"https:\/\/www.formedarte.it\/en\/wp-json\/wp\/v2\/types\/page"}],"author":[{"embeddable":true,"href":"https:\/\/www.formedarte.it\/en\/wp-json\/wp\/v2\/users\/1"}],"replies":[{"embeddable":true,"href":"https:\/\/www.formedarte.it\/en\/wp-json\/wp\/v2\/comments?post=374"}],"version-history":[{"count":40,"href":"https:\/\/www.formedarte.it\/en\/wp-json\/wp\/v2\/pages\/374\/revisions"}],"predecessor-version":[{"id":3464,"href":"https:\/\/www.formedarte.it\/en\/wp-json\/wp\/v2\/pages\/374\/revisions\/3464"}],"wp:attachment":[{"href":"https:\/\/www.formedarte.it\/en\/wp-json\/wp\/v2\/media?parent=374"}],"curies":[{"name":"wp","href":"https:\/\/api.w.org\/{rel}","templated":true}]}}